{"id":371,"date":"2025-09-03T18:37:38","date_gmt":"2025-09-03T21:37:38","guid":{"rendered":"https:\/\/xn--riobrilhanteemaao-osb.com.br\/museu\/?page_id=371"},"modified":"2025-09-03T18:37:38","modified_gmt":"2025-09-03T21:37:38","slug":"crb-futebol-clube-vence-na-liga-terrao-e-se-reabilita-na-competicao-estadual","status":"publish","type":"page","link":"https:\/\/xn--riobrilhanteemaao-osb.com.br\/museu\/crb-futebol-clube-vence-na-liga-terrao-e-se-reabilita-na-competicao-estadual\/","title":{"rendered":"CRB Futebol Clube vence na Liga Terr\u00e3o e se reabilita na competi\u00e7\u00e3o estadual"},"content":{"rendered":"<p><img loading=\"lazy\" decoding=\"async\" class=\"size-medium wp-image-372 aligncenter\" title=\"WhatsApp Image 2025 09 03 at 18.25.31\" src=\"https:\/\/xn--riobrilhanteemaao-osb.com.br\/museu\/wp-content\/uploads\/2025\/09\/WhatsApp-Image-2025-09-03-at-18.25.31-300x225.jpeg\" alt=\"WhatsApp Image 2025 09 03 at 18.25.31\" width=\"300\" height=\"225\" srcset=\"https:\/\/xn--riobrilhanteemaao-osb.com.br\/museu\/wp-content\/uploads\/2025\/09\/WhatsApp-Image-2025-09-03-at-18.25.31-300x225.jpeg 300w, https:\/\/xn--riobrilhanteemaao-osb.com.br\/museu\/wp-content\/uploads\/2025\/09\/WhatsApp-Image-2025-09-03-at-18.25.31-1024x768.jpeg 1024w, https:\/\/xn--riobrilhanteemaao-osb.com.br\/museu\/wp-content\/uploads\/2025\/09\/WhatsApp-Image-2025-09-03-at-18.25.31-768x576.jpeg 768w, https:\/\/xn--riobrilhanteemaao-osb.com.br\/museu\/wp-content\/uploads\/2025\/09\/WhatsApp-Image-2025-09-03-at-18.25.31.jpeg 1280w\" sizes=\"auto, (max-width: 300px) 100vw, 300px\" \/><\/p>\n<p>Representando o munic\u00edpio de Rio Brilhante, a equipe do CRB Futebol Clube, fez o seu segundo jogo na Liga Terr\u00e3o, no \u00faltimo final de semana\u00a0em Dourados e venceu o time douradense G2 F.C. pelo placar de 02 a 00. Esta foi a primeira vit\u00f3ria da equipe rio-brilhantense, que havia perdido na partida de estr\u00e9ia da fase classificat\u00f3ria.<\/p>\n<p>O dirigente do time, Fl\u00e1vio, destacou que apesar de uma boa atua\u00e7\u00e3o coletiva da equipe, o destaque do time de Rio Brilhante foi o atleta Kiki, autor dos dois gols da importante vit\u00f3ria e tr\u00eas pontos na tabela de classifica\u00e7\u00e3o.<\/p>\n<p>Considerada uma das maiores competi\u00e7\u00f5es de futebol amador do Estado e do Centro Oeste, a Liga Terr\u00e3o 2025 conta com centenas de equipes divididas em 33 sedes espalhadas por todo o estado, com milhares de atletas celebrando a cultura do futebol de v\u00e1rzea que \u00e9 tradi\u00e7\u00e3o em Mato Grosso do Sul.<\/p>\n<p>Destacando que a CRB em 2024, representando o munic\u00edpio, foi o grande campe\u00e3o da Liga Estadual de Futebol Su\u00ed\u00e7o, em jogo realizado na cidade de Dourados, diante do time de Navira\u00ed.<\/p>\n<p>A equipe rio-brilhantense volta a campo no pr\u00f3ximo final de semana, desta vez o advers\u00e1rio ser\u00e1 o Red Man. Uma vit\u00f3ria do CRB pode lhe garantir a classifica\u00e7\u00e3o antecipada para a segunda fase da Liga Terr\u00e3o, que tem um robusta premia\u00e7\u00e3o aos melhores colocados na fase final.<\/p>\n<p>&nbsp;<\/p>\n","protected":false},"excerpt":{"rendered":"<p>Representando o munic\u00edpio de Rio Brilhante, a equipe do CRB Futebol Clube, fez o seu segundo jogo na Liga Terr\u00e3o, no \u00faltimo final de semana\u00a0em Dourados e venceu o time douradense G2 F.C. pelo placar de 02 a 00. Esta foi a primeira vit\u00f3ria da equipe rio-brilhantense, que havia perdido na partida de estr\u00e9ia da [&hellip;]<\/p>\n","protected":false},"author":3,"featured_media":372,"parent":0,"menu_order":0,"comment_status":"closed","ping_status":"closed","template":"","meta":{"_acf_changed":false,"inline_featured_image":false,"footnotes":""},"class_list":["post-371","page","type-page","status-publish","has-post-thumbnail","hentry"],"acf":[],"yoast_head":"<!-- This site is optimized with the Yoast SEO plugin v25.7 - https:\/\/yoast.com\/wordpress\/plugins\/seo\/ -->\n<title>CRB Futebol Clube vence na Liga Terr\u00e3o e se reabilita na competi\u00e7\u00e3o estadual - Museu Brilhante<\/title>\n<meta name=\"robots\" content=\"noindex, follow, max-snippet:-1, max-image-preview:large, max-video-preview:-1\" \/>\n<meta property=\"og:locale\" content=\"pt_BR\" \/>\n<meta property=\"og:type\" content=\"article\" \/>\n<meta property=\"og:title\" content=\"CRB Futebol Clube vence na Liga Terr\u00e3o e se reabilita na competi\u00e7\u00e3o estadual - Museu Brilhante\" \/>\n<meta property=\"og:description\" content=\"Representando o munic\u00edpio de Rio Brilhante, a equipe do CRB Futebol Clube, fez o seu segundo jogo na Liga Terr\u00e3o, no \u00faltimo final de semana\u00a0em Dourados e venceu o time douradense G2 F.C. pelo placar de 02 a 00. Esta foi a primeira vit\u00f3ria da equipe rio-brilhantense, que havia perdido na partida de estr\u00e9ia da [&hellip;]\" \/>\n<meta property=\"og:url\" content=\"https:\/\/xn--riobrilhanteemaao-osb.com.br\/museu\/crb-futebol-clube-vence-na-liga-terrao-e-se-reabilita-na-competicao-estadual\/\" \/>\n<meta property=\"og:site_name\" content=\"Museu Brilhante\" \/>\n<meta property=\"og:image\" content=\"https:\/\/xn--riobrilhanteemaao-osb.com.br\/museu\/wp-content\/uploads\/2025\/09\/WhatsApp-Image-2025-09-03-at-18.25.31.jpeg\" \/>\n\t<meta property=\"og:image:width\" content=\"1280\" \/>\n\t<meta property=\"og:image:height\" content=\"960\" \/>\n\t<meta property=\"og:image:type\" content=\"image\/jpeg\" \/>\n<meta name=\"twitter:card\" content=\"summary_large_image\" \/>\n<meta name=\"twitter:label1\" content=\"Est. tempo de leitura\" \/>\n\t<meta name=\"twitter:data1\" content=\"2 minutos\" \/>\n<script type=\"application\/ld+json\" class=\"yoast-schema-graph\">{\"@context\":\"https:\/\/schema.org\",\"@graph\":[{\"@type\":\"WebPage\",\"@id\":\"https:\/\/xn--riobrilhanteemaao-osb.com.br\/museu\/crb-futebol-clube-vence-na-liga-terrao-e-se-reabilita-na-competicao-estadual\/\",\"url\":\"https:\/\/xn--riobrilhanteemaao-osb.com.br\/museu\/crb-futebol-clube-vence-na-liga-terrao-e-se-reabilita-na-competicao-estadual\/\",\"name\":\"CRB Futebol Clube vence na Liga Terr\u00e3o e se reabilita na competi\u00e7\u00e3o estadual - Museu Brilhante\",\"isPartOf\":{\"@id\":\"https:\/\/xn--riobrilhanteemaao-osb.com.br\/museu\/#website\"},\"primaryImageOfPage\":{\"@id\":\"https:\/\/xn--riobrilhanteemaao-osb.com.br\/museu\/crb-futebol-clube-vence-na-liga-terrao-e-se-reabilita-na-competicao-estadual\/#primaryimage\"},\"image\":{\"@id\":\"https:\/\/xn--riobrilhanteemaao-osb.com.br\/museu\/crb-futebol-clube-vence-na-liga-terrao-e-se-reabilita-na-competicao-estadual\/#primaryimage\"},\"thumbnailUrl\":\"https:\/\/xn--riobrilhanteemaao-osb.com.br\/museu\/wp-content\/uploads\/2025\/09\/WhatsApp-Image-2025-09-03-at-18.25.31.jpeg\",\"datePublished\":\"2025-09-03T21:37:38+00:00\",\"breadcrumb\":{\"@id\":\"https:\/\/xn--riobrilhanteemaao-osb.com.br\/museu\/crb-futebol-clube-vence-na-liga-terrao-e-se-reabilita-na-competicao-estadual\/#breadcrumb\"},\"inLanguage\":\"pt-BR\",\"potentialAction\":[{\"@type\":\"ReadAction\",\"target\":[\"https:\/\/xn--riobrilhanteemaao-osb.com.br\/museu\/crb-futebol-clube-vence-na-liga-terrao-e-se-reabilita-na-competicao-estadual\/\"]}]},{\"@type\":\"ImageObject\",\"inLanguage\":\"pt-BR\",\"@id\":\"https:\/\/xn--riobrilhanteemaao-osb.com.br\/museu\/crb-futebol-clube-vence-na-liga-terrao-e-se-reabilita-na-competicao-estadual\/#primaryimage\",\"url\":\"https:\/\/xn--riobrilhanteemaao-osb.com.br\/museu\/wp-content\/uploads\/2025\/09\/WhatsApp-Image-2025-09-03-at-18.25.31.jpeg\",\"contentUrl\":\"https:\/\/xn--riobrilhanteemaao-osb.com.br\/museu\/wp-content\/uploads\/2025\/09\/WhatsApp-Image-2025-09-03-at-18.25.31.jpeg\",\"width\":1280,\"height\":960,\"caption\":\"WhatsApp Image 2025 09 03 at 18.25.31\"},{\"@type\":\"BreadcrumbList\",\"@id\":\"https:\/\/xn--riobrilhanteemaao-osb.com.br\/museu\/crb-futebol-clube-vence-na-liga-terrao-e-se-reabilita-na-competicao-estadual\/#breadcrumb\",\"itemListElement\":[{\"@type\":\"ListItem\",\"position\":1,\"name\":\"Home\",\"item\":\"https:\/\/xn--riobrilhanteemaao-osb.com.br\/museu\/\"},{\"@type\":\"ListItem\",\"position\":2,\"name\":\"CRB Futebol Clube vence na Liga Terr\u00e3o e se reabilita na competi\u00e7\u00e3o estadual\"}]},{\"@type\":\"WebSite\",\"@id\":\"https:\/\/xn--riobrilhanteemaao-osb.com.br\/museu\/#website\",\"url\":\"https:\/\/xn--riobrilhanteemaao-osb.com.br\/museu\/\",\"name\":\"Museu Brilhante\",\"description\":\"Bem-vindo ao Museu Brilhante\",\"potentialAction\":[{\"@type\":\"SearchAction\",\"target\":{\"@type\":\"EntryPoint\",\"urlTemplate\":\"https:\/\/xn--riobrilhanteemaao-osb.com.br\/museu\/?s={search_term_string}\"},\"query-input\":{\"@type\":\"PropertyValueSpecification\",\"valueRequired\":true,\"valueName\":\"search_term_string\"}}],\"inLanguage\":\"pt-BR\"}]}<\/script>\n<!-- \/ Yoast SEO plugin. -->","yoast_head_json":{"title":"CRB Futebol Clube vence na Liga Terr\u00e3o e se reabilita na competi\u00e7\u00e3o estadual - Museu Brilhante","robots":{"index":"noindex","follow":"follow","max-snippet":"max-snippet:-1","max-image-preview":"max-image-preview:large","max-video-preview":"max-video-preview:-1"},"og_locale":"pt_BR","og_type":"article","og_title":"CRB Futebol Clube vence na Liga Terr\u00e3o e se reabilita na competi\u00e7\u00e3o estadual - Museu Brilhante","og_description":"Representando o munic\u00edpio de Rio Brilhante, a equipe do CRB Futebol Clube, fez o seu segundo jogo na Liga Terr\u00e3o, no \u00faltimo final de semana\u00a0em Dourados e venceu o time douradense G2 F.C. pelo placar de 02 a 00. Esta foi a primeira vit\u00f3ria da equipe rio-brilhantense, que havia perdido na partida de estr\u00e9ia da [&hellip;]","og_url":"https:\/\/xn--riobrilhanteemaao-osb.com.br\/museu\/crb-futebol-clube-vence-na-liga-terrao-e-se-reabilita-na-competicao-estadual\/","og_site_name":"Museu Brilhante","og_image":[{"width":1280,"height":960,"url":"https:\/\/xn--riobrilhanteemaao-osb.com.br\/museu\/wp-content\/uploads\/2025\/09\/WhatsApp-Image-2025-09-03-at-18.25.31.jpeg","type":"image\/jpeg"}],"twitter_card":"summary_large_image","twitter_misc":{"Est. tempo de leitura":"2 minutos"},"schema":{"@context":"https:\/\/schema.org","@graph":[{"@type":"WebPage","@id":"https:\/\/xn--riobrilhanteemaao-osb.com.br\/museu\/crb-futebol-clube-vence-na-liga-terrao-e-se-reabilita-na-competicao-estadual\/","url":"https:\/\/xn--riobrilhanteemaao-osb.com.br\/museu\/crb-futebol-clube-vence-na-liga-terrao-e-se-reabilita-na-competicao-estadual\/","name":"CRB Futebol Clube vence na Liga Terr\u00e3o e se reabilita na competi\u00e7\u00e3o estadual - Museu Brilhante","isPartOf":{"@id":"https:\/\/xn--riobrilhanteemaao-osb.com.br\/museu\/#website"},"primaryImageOfPage":{"@id":"https:\/\/xn--riobrilhanteemaao-osb.com.br\/museu\/crb-futebol-clube-vence-na-liga-terrao-e-se-reabilita-na-competicao-estadual\/#primaryimage"},"image":{"@id":"https:\/\/xn--riobrilhanteemaao-osb.com.br\/museu\/crb-futebol-clube-vence-na-liga-terrao-e-se-reabilita-na-competicao-estadual\/#primaryimage"},"thumbnailUrl":"https:\/\/xn--riobrilhanteemaao-osb.com.br\/museu\/wp-content\/uploads\/2025\/09\/WhatsApp-Image-2025-09-03-at-18.25.31.jpeg","datePublished":"2025-09-03T21:37:38+00:00","breadcrumb":{"@id":"https:\/\/xn--riobrilhanteemaao-osb.com.br\/museu\/crb-futebol-clube-vence-na-liga-terrao-e-se-reabilita-na-competicao-estadual\/#breadcrumb"},"inLanguage":"pt-BR","potentialAction":[{"@type":"ReadAction","target":["https:\/\/xn--riobrilhanteemaao-osb.com.br\/museu\/crb-futebol-clube-vence-na-liga-terrao-e-se-reabilita-na-competicao-estadual\/"]}]},{"@type":"ImageObject","inLanguage":"pt-BR","@id":"https:\/\/xn--riobrilhanteemaao-osb.com.br\/museu\/crb-futebol-clube-vence-na-liga-terrao-e-se-reabilita-na-competicao-estadual\/#primaryimage","url":"https:\/\/xn--riobrilhanteemaao-osb.com.br\/museu\/wp-content\/uploads\/2025\/09\/WhatsApp-Image-2025-09-03-at-18.25.31.jpeg","contentUrl":"https:\/\/xn--riobrilhanteemaao-osb.com.br\/museu\/wp-content\/uploads\/2025\/09\/WhatsApp-Image-2025-09-03-at-18.25.31.jpeg","width":1280,"height":960,"caption":"WhatsApp Image 2025 09 03 at 18.25.31"},{"@type":"BreadcrumbList","@id":"https:\/\/xn--riobrilhanteemaao-osb.com.br\/museu\/crb-futebol-clube-vence-na-liga-terrao-e-se-reabilita-na-competicao-estadual\/#breadcrumb","itemListElement":[{"@type":"ListItem","position":1,"name":"Home","item":"https:\/\/xn--riobrilhanteemaao-osb.com.br\/museu\/"},{"@type":"ListItem","position":2,"name":"CRB Futebol Clube vence na Liga Terr\u00e3o e se reabilita na competi\u00e7\u00e3o estadual"}]},{"@type":"WebSite","@id":"https:\/\/xn--riobrilhanteemaao-osb.com.br\/museu\/#website","url":"https:\/\/xn--riobrilhanteemaao-osb.com.br\/museu\/","name":"Museu Brilhante","description":"Bem-vindo ao Museu Brilhante","potentialAction":[{"@type":"SearchAction","target":{"@type":"EntryPoint","urlTemplate":"https:\/\/xn--riobrilhanteemaao-osb.com.br\/museu\/?s={search_term_string}"},"query-input":{"@type":"PropertyValueSpecification","valueRequired":true,"valueName":"search_term_string"}}],"inLanguage":"pt-BR"}]}},"_links":{"self":[{"href":"https:\/\/xn--riobrilhanteemaao-osb.com.br\/museu\/wp-json\/wp\/v2\/pages\/371","targetHints":{"allow":["GET"]}}],"collection":[{"href":"https:\/\/xn--riobrilhanteemaao-osb.com.br\/museu\/wp-json\/wp\/v2\/pages"}],"about":[{"href":"https:\/\/xn--riobrilhanteemaao-osb.com.br\/museu\/wp-json\/wp\/v2\/types\/page"}],"author":[{"embeddable":true,"href":"https:\/\/xn--riobrilhanteemaao-osb.com.br\/museu\/wp-json\/wp\/v2\/users\/3"}],"replies":[{"embeddable":true,"href":"https:\/\/xn--riobrilhanteemaao-osb.com.br\/museu\/wp-json\/wp\/v2\/comments?post=371"}],"version-history":[{"count":1,"href":"https:\/\/xn--riobrilhanteemaao-osb.com.br\/museu\/wp-json\/wp\/v2\/pages\/371\/revisions"}],"predecessor-version":[{"id":373,"href":"https:\/\/xn--riobrilhanteemaao-osb.com.br\/museu\/wp-json\/wp\/v2\/pages\/371\/revisions\/373"}],"wp:featuredmedia":[{"embeddable":true,"href":"https:\/\/xn--riobrilhanteemaao-osb.com.br\/museu\/wp-json\/wp\/v2\/media\/372"}],"wp:attachment":[{"href":"https:\/\/xn--riobrilhanteemaao-osb.com.br\/museu\/wp-json\/wp\/v2\/media?parent=371"}],"curies":[{"name":"wp","href":"https:\/\/api.w.org\/{rel}","templated":true}]}}